{"id":6234,"date":"2024-05-21T16:00:24","date_gmt":"2024-05-21T16:00:24","guid":{"rendered":"https:\/\/offmarketcars.ad\/conditions-generales-dutilisation\/"},"modified":"2024-06-08T16:51:44","modified_gmt":"2024-06-08T16:51:44","slug":"conditions-generales-dutilisation","status":"publish","type":"page","link":"https:\/\/offmarketcars.ad\/fr\/conditions-generales-dutilisation\/","title":{"rendered":"Conditions g\u00e9n\u00e9rales d&rsquo;utilisation"},"content":{"rendered":"\t\t<div data-elementor-type=\"wp-page\" data-elementor-id=\"6234\" class=\"elementor elementor-6234\" data-elementor-post-type=\"page\">\n\t\t\t\t<div class=\"elementor-element elementor-element-3989a6e e-flex e-con-boxed e-con e-parent\" data-id=\"3989a6e\" data-element_type=\"container\" data-settings=\"{&quot;jet_parallax_layout_list&quot;:[]}\">\n\t\t\t\t\t<div class=\"e-con-inner\">\n\t\t\t\t<div class=\"elementor-element elementor-element-45d99a4 elementor-widget elementor-widget-text-editor\" data-id=\"45d99a4\" data-element_type=\"widget\" data-widget_type=\"text-editor.default\">\n\t\t\t\t<div class=\"elementor-widget-container\">\n\t\t\t\t\t\t\t\t\t<div class=\"translations-content-container\">\n<div class=\"container\">\n<div id=\"en\" class=\"tab-content translations-content-item en visible\">\n<h1>Conditions g\u00e9n\u00e9rales d&rsquo;utilisation<\/h1>\n<p>Derni\u00e8re mise \u00e0 jour : 16 mai 2024<\/p>\n<p>Veuillez lire attentivement ces conditions avant d&rsquo;utiliser notre service.<\/p>\n<h2>Interpr\u00e9tation et d\u00e9finitions<\/h2>\n<h3>Interpr\u00e9tation<\/h3>\n<p>Les mots dont la lettre initiale est en majuscule ont des significations d\u00e9finies dans les conditions suivantes. Les d\u00e9finitions suivantes ont la m\u00eame signification, qu&rsquo;elles apparaissent au singulier ou au pluriel.<\/p>\n<h3>D\u00e9finitions<\/h3>\n<p>Aux fins des pr\u00e9sentes conditions g\u00e9n\u00e9rales :<\/p>\n<ul>\n<li>\n<p><strong>Affili\u00e9<\/strong>: une entit\u00e9 qui contr\u00f4le, est contr\u00f4l\u00e9e par ou est sous contr\u00f4le commun avec une partie, le terme \u00ab\u00a0contr\u00f4le\u00a0\u00bb d\u00e9signant la propri\u00e9t\u00e9 de 50 % ou plus des actions, participations ou autres titres donnant droit \u00e0 un vote pour l&rsquo;\u00e9lection des administrateurs ou d&rsquo;autres responsables de la gestion.<\/p>\n<\/li>\n<li>\n<p>Le <strong>pays<\/strong> se r\u00e9f\u00e8re \u00e0 : Andorre<\/p>\n<\/li>\n<li>\n<p>L&rsquo;<strong>entreprise<\/strong> (d\u00e9sign\u00e9e par \u00ab\u00a0l&rsquo;entreprise\u00a0\u00bb, \u00ab\u00a0nous\u00a0\u00bb, \u00ab\u00a0notre\u00a0\u00bb ou \u00ab\u00a0nos\u00a0\u00bb dans le pr\u00e9sent accord) d\u00e9signe Off Market Cars SL, Av. Pr\u00edncep Benlloch 86, Andorre-la-Vieille, AD500, Principaut\u00e9 d&rsquo;Andorre.<\/p>\n<\/li>\n<li>\n<p><strong>Appareil<\/strong>: tout appareil pouvant acc\u00e9der au Service, tel qu&rsquo;un ordinateur, un t\u00e9l\u00e9phone portable ou une tablette num\u00e9rique.<\/p>\n<\/li>\n<li>\n<p>Le <strong>service<\/strong> fait r\u00e9f\u00e9rence au site web.<\/p>\n<\/li>\n<li>\n<p><strong>Conditions<\/strong> g\u00e9n\u00e9rales (\u00e9galement appel\u00e9es \u00a0\u00bb conditions \u00ab\u00a0) : les pr\u00e9sentes conditions g\u00e9n\u00e9rales qui constituent l&rsquo;int\u00e9gralit\u00e9 de l&rsquo;accord entre vous et la soci\u00e9t\u00e9 concernant l&rsquo;utilisation du service. Cet accord de conditions g\u00e9n\u00e9rales a \u00e9t\u00e9 cr\u00e9\u00e9 avec l&rsquo;aide du <a href=\"https:\/\/www.termsfeed.com\/terms-conditions-generator\/\" target=\"_blank\" rel=\"noopener\">g\u00e9n\u00e9rateur de conditions g\u00e9n\u00e9rales<\/a>.<\/p>\n<\/li>\n<li>\n<p><strong>Service de m\u00e9dias sociaux tiers<\/strong> d\u00e9signe tout service ou contenu (y compris les donn\u00e9es, informations, produits ou services) fourni par un tiers qui peut \u00eatre affich\u00e9, inclus ou mis \u00e0 disposition par le Service.<\/p>\n<\/li>\n<li>\n<p>Le <strong>site Web<\/strong> renvoie \u00e0 Off Market Cars, accessible \u00e0 partir de <a href=\"https:\/\/www.termsfeed.com\/live\/www.offmarketcars.ad\" target=\"_blank\" rel=\"external nofollow noopener\">www.offmarketcars.ad<\/a>.<\/p>\n<\/li>\n<li>\n<p><strong>Vous<\/strong> \u00eates la personne qui acc\u00e8de au service ou qui l&rsquo;utilise, ou la soci\u00e9t\u00e9 ou autre entit\u00e9 juridique au nom de laquelle cette personne acc\u00e8de au service ou l&rsquo;utilise, selon le cas.<\/p>\n<\/li>\n<\/ul>\n<h2>Remerciements<\/h2>\n<p>Il s&rsquo;agit des conditions g\u00e9n\u00e9rales r\u00e9gissant l&rsquo;utilisation de ce service et de l&rsquo;accord conclu entre vous et la soci\u00e9t\u00e9. Les pr\u00e9sentes conditions g\u00e9n\u00e9rales d\u00e9finissent les droits et obligations de tous les utilisateurs en ce qui concerne l&rsquo;utilisation du service.<\/p>\n<p>Votre acc\u00e8s et votre utilisation du service sont conditionn\u00e9s par votre acceptation et votre respect des pr\u00e9sentes conditions g\u00e9n\u00e9rales. Les pr\u00e9sentes conditions g\u00e9n\u00e9rales s&rsquo;appliquent \u00e0 tous les visiteurs, utilisateurs et autres personnes qui acc\u00e8dent au service ou l&rsquo;utilisent.<\/p>\n<p>En acc\u00e9dant au service ou en l&rsquo;utilisant, vous acceptez d&rsquo;\u00eatre li\u00e9 par les pr\u00e9sentes conditions g\u00e9n\u00e9rales. Si vous n&rsquo;\u00eates pas d&rsquo;accord avec une partie de ces conditions g\u00e9n\u00e9rales, vous ne pouvez pas acc\u00e9der au service.<\/p>\n<p>Vous d\u00e9clarez \u00eatre \u00e2g\u00e9 de plus de 18 ans. La soci\u00e9t\u00e9 n&rsquo;autorise pas les personnes de moins de 18 ans \u00e0 utiliser le service.<\/p>\n<p>Votre acc\u00e8s et votre utilisation du service sont \u00e9galement conditionn\u00e9s par votre acceptation et votre respect de la politique de confidentialit\u00e9 de la soci\u00e9t\u00e9. Notre politique de confidentialit\u00e9 d\u00e9crit nos politiques et proc\u00e9dures en mati\u00e8re de collecte, d&rsquo;utilisation et de divulgation de vos informations personnelles lorsque vous utilisez l&rsquo;application ou le site web et vous informe de vos droits en mati\u00e8re de confidentialit\u00e9 et de la mani\u00e8re dont la loi vous prot\u00e8ge. Veuillez lire attentivement notre politique de confidentialit\u00e9 avant d&rsquo;utiliser notre service.<\/p>\n<h2>Liens vers d&rsquo;autres sites web<\/h2>\n<p>Notre service peut contenir des liens vers des sites web ou des services de tiers qui ne sont pas d\u00e9tenus ou contr\u00f4l\u00e9s par la soci\u00e9t\u00e9.<\/p>\n<p>La Soci\u00e9t\u00e9 n&rsquo;a aucun contr\u00f4le sur le contenu, les politiques de confidentialit\u00e9 ou les pratiques des sites web ou des services de tiers et n&rsquo;assume aucune responsabilit\u00e9 \u00e0 cet \u00e9gard. Vous reconnaissez et acceptez en outre que la Soci\u00e9t\u00e9 ne peut \u00eatre tenue responsable, directement ou indirectement, de tout dommage ou perte caus\u00e9 ou suppos\u00e9 caus\u00e9 par ou en rapport avec l&rsquo;utilisation ou la confiance accord\u00e9e \u00e0 tout contenu, bien ou service disponible sur ou par l&rsquo;interm\u00e9diaire de ces sites web ou services.<\/p>\n<p>Nous vous conseillons vivement de lire les conditions g\u00e9n\u00e9rales et les politiques de confidentialit\u00e9 de tout site web ou service tiers que vous visitez.<\/p>\n<h2>Cessation d&rsquo;activit\u00e9<\/h2>\n<p>Nous pouvons r\u00e9silier ou suspendre votre acc\u00e8s imm\u00e9diatement, sans pr\u00e9avis ni responsabilit\u00e9, pour quelque raison que ce soit, y compris, mais sans s&rsquo;y limiter, si vous enfreignez les pr\u00e9sentes conditions g\u00e9n\u00e9rales.<\/p>\n<p>En cas de r\u00e9siliation, votre droit d&rsquo;utiliser le service cessera imm\u00e9diatement.<\/p>\n<h2>Limitation de la responsabilit\u00e9<\/h2>\n<p>Nonobstant tout dommage que vous pourriez subir, l&rsquo;enti\u00e8re responsabilit\u00e9 de la Soci\u00e9t\u00e9 et de ses fournisseurs en vertu de toute disposition des pr\u00e9sentes conditions et votre recours exclusif pour tout ce qui pr\u00e9c\u00e8de seront limit\u00e9s au montant effectivement pay\u00e9 par vous par l&rsquo;interm\u00e9diaire du service ou \u00e0 100 USD si vous n&rsquo;avez rien achet\u00e9 par l&rsquo;interm\u00e9diaire du service.<\/p>\n<p>Dans toute la mesure permise par la loi applicable, la Soci\u00e9t\u00e9 ou ses fournisseurs ne peuvent en aucun cas \u00eatre tenus responsables des dommages sp\u00e9ciaux, accessoires, indirects ou cons\u00e9cutifs quels qu&rsquo;ils soient (y compris, mais sans s&rsquo;y limiter, les dommages pour perte de b\u00e9n\u00e9fices, perte de donn\u00e9es ou d&rsquo;autres informations, pour interruption d&rsquo;activit\u00e9, pour pr\u00e9judice corporel, etc, la perte de vie priv\u00e9e r\u00e9sultant de l&rsquo;utilisation ou de l&rsquo;impossibilit\u00e9 d&rsquo;utiliser le service, les logiciels de tiers et\/ou le mat\u00e9riel de tiers utilis\u00e9s avec le service, ou en rapport avec toute disposition des pr\u00e9sentes conditions), m\u00eame si la soci\u00e9t\u00e9 ou un fournisseur a \u00e9t\u00e9 inform\u00e9 de la possibilit\u00e9 de tels dommages et m\u00eame si le rem\u00e8de n&rsquo;atteint pas son objectif essentiel.<\/p>\n<p>Certains \u00c9tats n&rsquo;autorisent pas l&rsquo;exclusion des garanties implicites ou la limitation de la responsabilit\u00e9 pour les dommages accessoires ou indirects, ce qui signifie que certaines des limitations ci-dessus peuvent ne pas s&rsquo;appliquer. Dans ces \u00c9tats, la responsabilit\u00e9 de chaque partie sera limit\u00e9e dans toute la mesure permise par la loi.<\/p>\n<h2>Clause de non-responsabilit\u00e9 \u00ab\u00a0TELS QUELS\u00a0\u00bb et \u00ab\u00a0TELS QUE DISPONIBLES\u00a0\u00bb.<\/h2>\n<p>Le service vous est fourni \u00ab\u00a0TEL QUEL\u00a0\u00bb et \u00ab\u00a0TEL QUE DISPONIBLE\u00a0\u00bb, avec tous les d\u00e9fauts et toutes les d\u00e9faillances, sans garantie d&rsquo;aucune sorte. Dans toute la mesure permise par la l\u00e9gislation applicable, la Soci\u00e9t\u00e9, en son nom propre et au nom de ses soci\u00e9t\u00e9s affili\u00e9es et de ses conc\u00e9dants de licence et fournisseurs de services respectifs, d\u00e9cline express\u00e9ment toute garantie, expresse, implicite, l\u00e9gale ou autre, concernant le Service, y compris toute garantie implicite de qualit\u00e9 marchande, d&rsquo;ad\u00e9quation \u00e0 un usage particulier, de titre et d&rsquo;absence de contrefa\u00e7on, ainsi que les garanties pouvant r\u00e9sulter de la conduite habituelle, de l&rsquo;ex\u00e9cution, de l&rsquo;usage ou des pratiques commerciales. Sans pr\u00e9judice de ce qui pr\u00e9c\u00e8de, la Soci\u00e9t\u00e9 ne fournit aucune garantie ou engagement, et ne fait aucune d\u00e9claration de quelque nature que ce soit quant au fait que le Service r\u00e9pondra \u00e0 vos exigences, atteindra les r\u00e9sultats escompt\u00e9s, sera compatible ou fonctionnera avec tout autre logiciel, application, syst\u00e8me ou service, fonctionnera sans interruption, r\u00e9pondra \u00e0 toute norme de performance ou de fiabilit\u00e9 ou sera exempt d&rsquo;erreur, ou que toute erreur ou tout d\u00e9faut peut \u00eatre ou sera corrig\u00e9.<\/p>\n<p>Sans limiter la port\u00e9e de ce qui pr\u00e9c\u00e8de, ni la soci\u00e9t\u00e9 ni aucun de ses fournisseurs ne font de d\u00e9claration ou ne donnent de garantie de quelque nature que ce soit, expresse ou implicite : (i) quant au fonctionnement ou \u00e0 la disponibilit\u00e9 du service, ou des informations, du contenu et des mat\u00e9riaux ou produits qui y sont inclus ; (ii) que le service sera ininterrompu ou exempt d&rsquo;erreurs ; (iii) quant \u00e0 l&rsquo;exactitude, la fiabilit\u00e9 ou l&rsquo;actualit\u00e9 de toute information ou de tout contenu fourni par l&rsquo;interm\u00e9diaire du service ; ou (iv) que le service, ses serveurs, son contenu ou les courriers \u00e9lectroniques envoy\u00e9s par la soci\u00e9t\u00e9 ou en son nom sont exempts de virus, de scripts, de chevaux de Troie, de vers, de logiciels malveillants, de bombes \u00e0 retardement ou d&rsquo;autres \u00e9l\u00e9ments nuisibles.<\/p>\n<p>Certaines juridictions n&rsquo;autorisent pas l&rsquo;exclusion de certains types de garanties ou la limitation des droits statutaires applicables \u00e0 un consommateur, de sorte que tout ou partie des exclusions et limitations susmentionn\u00e9es peuvent ne pas s&rsquo;appliquer \u00e0 vous. Mais dans ce cas, les exclusions et les limitations \u00e9nonc\u00e9es dans la pr\u00e9sente section s&rsquo;appliquent dans toute la mesure permise par la l\u00e9gislation en vigueur.<\/p>\n<h2>Droit applicable<\/h2>\n<p>Les lois du pays, \u00e0 l&rsquo;exclusion des r\u00e8gles de conflit de lois, r\u00e9gissent les pr\u00e9sentes conditions et votre utilisation du service. Votre utilisation de l&rsquo;application peut \u00e9galement \u00eatre soumise \u00e0 d&rsquo;autres lois locales, r\u00e9gionales, nationales ou internationales.<\/p>\n<h2>R\u00e9solution des litiges<\/h2>\n<p>En cas de probl\u00e8me ou de litige concernant le Service, vous acceptez de tenter d&rsquo;abord de r\u00e9soudre le litige de mani\u00e8re informelle en contactant la Soci\u00e9t\u00e9.<\/p>\n<h2>Pour les utilisateurs de l&rsquo;Union europ\u00e9enne (UE)<\/h2>\n<p>Si vous \u00eates un consommateur de l&rsquo;Union europ\u00e9enne, vous b\u00e9n\u00e9ficierez des dispositions imp\u00e9ratives de la loi du pays dans lequel vous r\u00e9sidez.<\/p>\n<h2>\u00c9tats-Unis Conformit\u00e9 juridique<\/h2>\n<p>Vous d\u00e9clarez et garantissez que (i) Vous ne vous trouvez pas dans un pays soumis \u00e0 un embargo du gouvernement des \u00c9tats-Unis ou d\u00e9sign\u00e9 par le gouvernement des \u00c9tats-Unis comme un pays soutenant le terrorisme, et (ii) Vous ne figurez sur aucune liste de parties interdites ou soumises \u00e0 des restrictions \u00e9tablie par le gouvernement des \u00c9tats-Unis.<\/p>\n<h2>Divisibilit\u00e9 et renonciation<\/h2>\n<h3>S\u00e9v\u00e9rit\u00e9<\/h3>\n<p>Si une disposition des pr\u00e9sentes conditions est jug\u00e9e inapplicable ou invalide, cette disposition sera modifi\u00e9e et interpr\u00e9t\u00e9e de mani\u00e8re \u00e0 atteindre les objectifs de cette disposition dans toute la mesure du possible en vertu de la l\u00e9gislation applicable, et les autres dispositions resteront pleinement en vigueur.<\/p>\n<h3>Renonciation<\/h3>\n<p>Sauf dans les cas pr\u00e9vus par les pr\u00e9sentes, le fait de ne pas exercer un droit ou de ne pas exiger l&rsquo;ex\u00e9cution d&rsquo;une obligation en vertu des pr\u00e9sentes conditions n&rsquo;affecte pas la capacit\u00e9 d&rsquo;une partie \u00e0 exercer ce droit ou \u00e0 exiger cette ex\u00e9cution \u00e0 tout moment ult\u00e9rieur, et la renonciation \u00e0 une violation ne constitue pas une renonciation \u00e0 toute violation ult\u00e9rieure.<\/p>\n<h2>Traduction Interpr\u00e9tation<\/h2>\n<p>Les pr\u00e9sentes conditions g\u00e9n\u00e9rales peuvent avoir \u00e9t\u00e9 traduites si nous les avons mises \u00e0 votre disposition sur notre service. Vous acceptez que le texte original anglais pr\u00e9vale en cas de litige.<\/p>\n<h2>Modifications des pr\u00e9sentes conditions g\u00e9n\u00e9rales<\/h2>\n<p>Nous nous r\u00e9servons le droit, \u00e0 notre seule discr\u00e9tion, de modifier ou de remplacer les pr\u00e9sentes conditions \u00e0 tout moment. Si une r\u00e9vision est importante, nous ferons des efforts raisonnables pour fournir un pr\u00e9avis d&rsquo;au moins 30 jours avant l&rsquo;entr\u00e9e en vigueur des nouvelles conditions. Ce qui constitue un changement important sera d\u00e9termin\u00e9 \u00e0 notre seule discr\u00e9tion.<\/p>\n<p>En continuant \u00e0 acc\u00e9der \u00e0 notre service ou \u00e0 l&rsquo;utiliser apr\u00e8s l&rsquo;entr\u00e9e en vigueur de ces r\u00e9visions, vous acceptez d&rsquo;\u00eatre li\u00e9 par les conditions r\u00e9vis\u00e9es. Si vous n&rsquo;acceptez pas les nouvelles conditions, en tout ou en partie, veuillez cesser d&rsquo;utiliser le site web et le service.<\/p>\n<h2>Contactez nous<\/h2>\n<p>Si vous avez des questions concernant les pr\u00e9sentes conditions g\u00e9n\u00e9rales, vous pouvez nous contacter :<\/p>\n<ul>\n<li>Par courrier \u00e9lectronique : info@offmarketcars.ad<\/li>\n<\/ul>\n<\/div>\n<\/div>\n<\/div>\n<div class=\"footer\">\n<div class=\"container\"> <\/div>\n<\/div>\n\t\t\t\t\t\t\t\t<\/div>\n\t\t\t\t<\/div>\n\t\t\t\t\t<\/div>\n\t\t\t\t<\/div>\n\t\t\t\t<\/div>\n\t\t","protected":false},"excerpt":{"rendered":"<p>Conditions g\u00e9n\u00e9rales d&rsquo;utilisation Derni\u00e8re mise \u00e0 jour : 16 mai 2024 Veuillez lire attentivement ces conditions avant d&rsquo;utiliser notre service. Interpr\u00e9tation et d\u00e9finitions Interpr\u00e9tation Les mots dont la lettre initiale est en majuscule ont des significations d\u00e9finies dans les conditions suivantes. Les d\u00e9finitions suivantes ont la m\u00eame signification, qu&rsquo;elles apparaissent au singulier ou au pluriel. [&hellip;]<\/p>\n","protected":false},"author":5,"featured_media":0,"parent":0,"menu_order":0,"comment_status":"closed","ping_status":"closed","template":"","meta":{"_joinchat":[],"footnotes":""},"yoast_head":"<!-- This site is optimized with the Yoast SEO plugin v23.0 - https:\/\/yoast.com\/wordpress\/plugins\/seo\/ -->\n<title>Conditions g\u00e9n\u00e9rales d&#039;utilisation - Off Market Cars<\/title>\n<meta name=\"robots\" content=\"index, follow, max-snippet:-1, max-image-preview:large, max-video-preview:-1\" \/>\n<link rel=\"canonical\" href=\"https:\/\/offmarketcars.ad\/fr\/conditions-generales-dutilisation\/\" \/>\n<meta property=\"og:locale\" content=\"fr_FR\" \/>\n<meta property=\"og:type\" content=\"article\" \/>\n<meta property=\"og:title\" content=\"Conditions g\u00e9n\u00e9rales d&#039;utilisation - Off Market Cars\" \/>\n<meta property=\"og:description\" content=\"Conditions g\u00e9n\u00e9rales d&rsquo;utilisation Derni\u00e8re mise \u00e0 jour : 16 mai 2024 Veuillez lire attentivement ces conditions avant d&rsquo;utiliser notre service. Interpr\u00e9tation et d\u00e9finitions Interpr\u00e9tation Les mots dont la lettre initiale est en majuscule ont des significations d\u00e9finies dans les conditions suivantes. Les d\u00e9finitions suivantes ont la m\u00eame signification, qu&rsquo;elles apparaissent au singulier ou au pluriel. [&hellip;]\" \/>\n<meta property=\"og:url\" content=\"https:\/\/offmarketcars.ad\/fr\/conditions-generales-dutilisation\/\" \/>\n<meta property=\"og:site_name\" content=\"Off Market Cars\" \/>\n<meta property=\"article:modified_time\" content=\"2024-06-08T16:51:44+00:00\" \/>\n<meta name=\"twitter:card\" content=\"summary_large_image\" \/>\n<meta name=\"twitter:label1\" content=\"Dur\u00e9e de lecture estim\u00e9e\" \/>\n\t<meta name=\"twitter:data1\" content=\"10 minutes\" \/>\n<script type=\"application\/ld+json\" class=\"yoast-schema-graph\">{\"@context\":\"https:\/\/schema.org\",\"@graph\":[{\"@type\":\"WebPage\",\"@id\":\"https:\/\/offmarketcars.ad\/fr\/conditions-generales-dutilisation\/\",\"url\":\"https:\/\/offmarketcars.ad\/fr\/conditions-generales-dutilisation\/\",\"name\":\"Conditions g\u00e9n\u00e9rales d'utilisation - Off Market Cars\",\"isPartOf\":{\"@id\":\"https:\/\/offmarketcars.ad\/fr\/#website\"},\"datePublished\":\"2024-05-21T16:00:24+00:00\",\"dateModified\":\"2024-06-08T16:51:44+00:00\",\"breadcrumb\":{\"@id\":\"https:\/\/offmarketcars.ad\/fr\/conditions-generales-dutilisation\/#breadcrumb\"},\"inLanguage\":\"fr-FR\",\"potentialAction\":[{\"@type\":\"ReadAction\",\"target\":[\"https:\/\/offmarketcars.ad\/fr\/conditions-generales-dutilisation\/\"]}]},{\"@type\":\"BreadcrumbList\",\"@id\":\"https:\/\/offmarketcars.ad\/fr\/conditions-generales-dutilisation\/#breadcrumb\",\"itemListElement\":[{\"@type\":\"ListItem\",\"position\":1,\"name\":\"Portada\",\"item\":\"https:\/\/offmarketcars.ad\/fr\/\"},{\"@type\":\"ListItem\",\"position\":2,\"name\":\"Conditions g\u00e9n\u00e9rales d&#8217;utilisation\"}]},{\"@type\":\"WebSite\",\"@id\":\"https:\/\/offmarketcars.ad\/fr\/#website\",\"url\":\"https:\/\/offmarketcars.ad\/fr\/\",\"name\":\"Off Market Cars\",\"description\":\"Car boutique in Andorra\",\"publisher\":{\"@id\":\"https:\/\/offmarketcars.ad\/fr\/#organization\"},\"potentialAction\":[{\"@type\":\"SearchAction\",\"target\":{\"@type\":\"EntryPoint\",\"urlTemplate\":\"https:\/\/offmarketcars.ad\/fr\/?s={search_term_string}\"},\"query-input\":\"required name=search_term_string\"}],\"inLanguage\":\"fr-FR\"},{\"@type\":\"Organization\",\"@id\":\"https:\/\/offmarketcars.ad\/fr\/#organization\",\"name\":\"Off Market Cars\",\"url\":\"https:\/\/offmarketcars.ad\/fr\/\",\"logo\":{\"@type\":\"ImageObject\",\"inLanguage\":\"fr-FR\",\"@id\":\"https:\/\/offmarketcars.ad\/fr\/#\/schema\/logo\/image\/\",\"url\":\"https:\/\/offmarketcars.ad\/wp-content\/uploads\/2024\/05\/cropped-7-1-e1716050613766.png\",\"contentUrl\":\"https:\/\/offmarketcars.ad\/wp-content\/uploads\/2024\/05\/cropped-7-1-e1716050613766.png\",\"width\":512,\"height\":512,\"caption\":\"Off Market Cars\"},\"image\":{\"@id\":\"https:\/\/offmarketcars.ad\/fr\/#\/schema\/logo\/image\/\"}}]}<\/script>\n<!-- \/ Yoast SEO plugin. -->","yoast_head_json":{"title":"Conditions g\u00e9n\u00e9rales d'utilisation - Off Market Cars","robots":{"index":"index","follow":"follow","max-snippet":"max-snippet:-1","max-image-preview":"max-image-preview:large","max-video-preview":"max-video-preview:-1"},"canonical":"https:\/\/offmarketcars.ad\/fr\/conditions-generales-dutilisation\/","og_locale":"fr_FR","og_type":"article","og_title":"Conditions g\u00e9n\u00e9rales d'utilisation - Off Market Cars","og_description":"Conditions g\u00e9n\u00e9rales d&rsquo;utilisation Derni\u00e8re mise \u00e0 jour : 16 mai 2024 Veuillez lire attentivement ces conditions avant d&rsquo;utiliser notre service. Interpr\u00e9tation et d\u00e9finitions Interpr\u00e9tation Les mots dont la lettre initiale est en majuscule ont des significations d\u00e9finies dans les conditions suivantes. Les d\u00e9finitions suivantes ont la m\u00eame signification, qu&rsquo;elles apparaissent au singulier ou au pluriel. [&hellip;]","og_url":"https:\/\/offmarketcars.ad\/fr\/conditions-generales-dutilisation\/","og_site_name":"Off Market Cars","article_modified_time":"2024-06-08T16:51:44+00:00","twitter_card":"summary_large_image","twitter_misc":{"Dur\u00e9e de lecture estim\u00e9e":"10 minutes"},"schema":{"@context":"https:\/\/schema.org","@graph":[{"@type":"WebPage","@id":"https:\/\/offmarketcars.ad\/fr\/conditions-generales-dutilisation\/","url":"https:\/\/offmarketcars.ad\/fr\/conditions-generales-dutilisation\/","name":"Conditions g\u00e9n\u00e9rales d'utilisation - Off Market Cars","isPartOf":{"@id":"https:\/\/offmarketcars.ad\/fr\/#website"},"datePublished":"2024-05-21T16:00:24+00:00","dateModified":"2024-06-08T16:51:44+00:00","breadcrumb":{"@id":"https:\/\/offmarketcars.ad\/fr\/conditions-generales-dutilisation\/#breadcrumb"},"inLanguage":"fr-FR","potentialAction":[{"@type":"ReadAction","target":["https:\/\/offmarketcars.ad\/fr\/conditions-generales-dutilisation\/"]}]},{"@type":"BreadcrumbList","@id":"https:\/\/offmarketcars.ad\/fr\/conditions-generales-dutilisation\/#breadcrumb","itemListElement":[{"@type":"ListItem","position":1,"name":"Portada","item":"https:\/\/offmarketcars.ad\/fr\/"},{"@type":"ListItem","position":2,"name":"Conditions g\u00e9n\u00e9rales d&#8217;utilisation"}]},{"@type":"WebSite","@id":"https:\/\/offmarketcars.ad\/fr\/#website","url":"https:\/\/offmarketcars.ad\/fr\/","name":"Off Market Cars","description":"Car boutique in Andorra","publisher":{"@id":"https:\/\/offmarketcars.ad\/fr\/#organization"},"potentialAction":[{"@type":"SearchAction","target":{"@type":"EntryPoint","urlTemplate":"https:\/\/offmarketcars.ad\/fr\/?s={search_term_string}"},"query-input":"required name=search_term_string"}],"inLanguage":"fr-FR"},{"@type":"Organization","@id":"https:\/\/offmarketcars.ad\/fr\/#organization","name":"Off Market Cars","url":"https:\/\/offmarketcars.ad\/fr\/","logo":{"@type":"ImageObject","inLanguage":"fr-FR","@id":"https:\/\/offmarketcars.ad\/fr\/#\/schema\/logo\/image\/","url":"https:\/\/offmarketcars.ad\/wp-content\/uploads\/2024\/05\/cropped-7-1-e1716050613766.png","contentUrl":"https:\/\/offmarketcars.ad\/wp-content\/uploads\/2024\/05\/cropped-7-1-e1716050613766.png","width":512,"height":512,"caption":"Off Market Cars"},"image":{"@id":"https:\/\/offmarketcars.ad\/fr\/#\/schema\/logo\/image\/"}}]}},"_links":{"self":[{"href":"https:\/\/offmarketcars.ad\/fr\/wp-json\/wp\/v2\/pages\/6234"}],"collection":[{"href":"https:\/\/offmarketcars.ad\/fr\/wp-json\/wp\/v2\/pages"}],"about":[{"href":"https:\/\/offmarketcars.ad\/fr\/wp-json\/wp\/v2\/types\/page"}],"author":[{"embeddable":true,"href":"https:\/\/offmarketcars.ad\/fr\/wp-json\/wp\/v2\/users\/5"}],"replies":[{"embeddable":true,"href":"https:\/\/offmarketcars.ad\/fr\/wp-json\/wp\/v2\/comments?post=6234"}],"version-history":[{"count":1,"href":"https:\/\/offmarketcars.ad\/fr\/wp-json\/wp\/v2\/pages\/6234\/revisions"}],"predecessor-version":[{"id":6236,"href":"https:\/\/offmarketcars.ad\/fr\/wp-json\/wp\/v2\/pages\/6234\/revisions\/6236"}],"wp:attachment":[{"href":"https:\/\/offmarketcars.ad\/fr\/wp-json\/wp\/v2\/media?parent=6234"}],"curies":[{"name":"wp","href":"https:\/\/api.w.org\/{rel}","templated":true}]}}