{"id":6240,"date":"2024-05-21T16:00:24","date_gmt":"2024-05-21T16:00:24","guid":{"rendered":"https:\/\/offmarketcars.ad\/terminos-y-condiciones\/"},"modified":"2024-06-08T16:51:44","modified_gmt":"2024-06-08T16:51:44","slug":"terminos-y-condiciones","status":"publish","type":"page","link":"https:\/\/offmarketcars.ad\/es\/terminos-y-condiciones\/","title":{"rendered":"T\u00e9rminos y condiciones"},"content":{"rendered":"\t\t<div data-elementor-type=\"wp-page\" data-elementor-id=\"6240\" class=\"elementor elementor-6240\" data-elementor-post-type=\"page\">\n\t\t\t\t<div class=\"elementor-element elementor-element-3989a6e e-flex e-con-boxed e-con e-parent\" data-id=\"3989a6e\" data-element_type=\"container\" data-settings=\"{&quot;jet_parallax_layout_list&quot;:[]}\">\n\t\t\t\t\t<div class=\"e-con-inner\">\n\t\t\t\t<div class=\"elementor-element elementor-element-45d99a4 elementor-widget elementor-widget-text-editor\" data-id=\"45d99a4\" data-element_type=\"widget\" data-widget_type=\"text-editor.default\">\n\t\t\t\t<div class=\"elementor-widget-container\">\n\t\t\t\t\t\t\t\t\t<div class=\"translations-content-container\">\n<div class=\"container\">\n<div id=\"en\" class=\"tab-content translations-content-item en visible\">\n<h1>T\u00e9rminos y condiciones<\/h1>\n<p>\u00daltima actualizaci\u00f3n: 16 de mayo de 2024<\/p>\n<p>Lee atentamente estas condiciones antes de utilizar Nuestro Servicio.<\/p>\n<h2>Interpretaci\u00f3n y definiciones<\/h2>\n<h3>Interpretaci\u00f3n<\/h3>\n<p>Las palabras cuya letra inicial va en may\u00fascula tienen significados definidos en las siguientes condiciones. Las siguientes definiciones tendr\u00e1n el mismo significado independientemente de que aparezcan en singular o en plural.<\/p>\n<h3>Definiciones<\/h3>\n<p>A efectos de las presentes Condiciones Generales:<\/p>\n<ul>\n<li>\n<p><strong>Afiliada<\/strong> significa una entidad que controla, es controlada por o est\u00e1 bajo control com\u00fan con una parte, donde \u00abcontrol\u00bb significa la propiedad del 50% o m\u00e1s de las acciones, participaciones u otros valores con derecho a voto para la elecci\u00f3n de directores u otra autoridad de gesti\u00f3n.<\/p>\n<\/li>\n<li>\n<p>El <strong>pa\u00eds<\/strong> se refiere a: Andorra<\/p>\n<\/li>\n<li>\n<p><strong>Empresa<\/strong> (denominada \u00abla Empresa\u00bb, \u00abNosotros\u00bb, \u00abNos\u00bb o \u00abNuestro\u00bb en el presente Acuerdo) se refiere a Off Market Cars SL, Av. Pr\u00edncep Benlloch 86, Andorra la Vella, AD500, Principado de Andorra.<\/p>\n<\/li>\n<li>\n<p><strong>Dispositivo<\/strong> significa cualquier dispositivo que pueda acceder al Servicio, como un ordenador, un tel\u00e9fono m\u00f3vil o una tableta digital.<\/p>\n<\/li>\n<li>\n<p><strong>Servicio<\/strong> se refiere al Sitio Web.<\/p>\n<\/li>\n<li>\n<p><strong>T\u00e9rminos y Condiciones<\/strong> (tambi\u00e9n denominados \u00abT\u00e9rminos\u00bb) significan estos T\u00e9rminos y Condiciones que forman el acuerdo completo entre T\u00fa y la Empresa en relaci\u00f3n con el uso del Servicio. Este acuerdo de T\u00e9rminos y Condiciones ha sido creado con la ayuda del <a href=\"https:\/\/www.termsfeed.com\/terms-conditions-generator\/\" target=\"_blank\" rel=\"noopener\">Generador de T\u00e9rminos y Condiciones<\/a>.<\/p>\n<\/li>\n<li>\n<p><strong>Servicio de Medios Sociales de Terceros<\/strong> significa cualquier servicio o contenido (incluyendo datos, informaci\u00f3n, productos o servicios) proporcionado por un tercero que pueda ser mostrado, incluido o puesto a disposici\u00f3n por el Servicio.<\/p>\n<\/li>\n<li>\n<p>El <strong>sitio web<\/strong> hace referencia a Off Market Cars, accesible desde <a href=\"https:\/\/www.termsfeed.com\/live\/www.offmarketcars.ad\" target=\"_blank\" rel=\"external nofollow noopener\">www.offmarketcars.ad<\/a><\/p>\n<\/li>\n<li>\n<p><strong>T\u00fa<\/strong> significa el individuo que accede o utiliza el Servicio, o la empresa, u otra entidad legal en nombre de la cual dicho individuo accede o utiliza el Servicio, seg\u00fan corresponda.<\/p>\n<\/li>\n<\/ul>\n<h2>Acuse de recibo<\/h2>\n<p>Estos son los T\u00e9rminos y Condiciones que rigen el uso de este Servicio y el acuerdo que opera entre T\u00fa y la Empresa. Estos T\u00e9rminos y Condiciones establecen los derechos y obligaciones de todos los usuarios en relaci\u00f3n con el uso del Servicio.<\/p>\n<p>Tu acceso y uso del Servicio est\u00e1n condicionados a Tu aceptaci\u00f3n y cumplimiento de estos T\u00e9rminos y Condiciones. Estos T\u00e9rminos y Condiciones se aplican a todos los visitantes, usuarios y dem\u00e1s personas que accedan o utilicen el Servicio.<\/p>\n<p>Al acceder o utilizar el Servicio, aceptas quedar vinculado por estos T\u00e9rminos y Condiciones. Si no est\u00e1s de acuerdo con alguna parte de estas Condiciones, no podr\u00e1s acceder al Servicio.<\/p>\n<p>Declaras que eres mayor de 18 a\u00f1os. La Empresa no permite que los menores de 18 a\u00f1os utilicen el Servicio.<\/p>\n<p>Tu acceso y uso del Servicio tambi\u00e9n est\u00e1n condicionados a Tu aceptaci\u00f3n y cumplimiento de la Pol\u00edtica de Privacidad de la Empresa. Nuestra Pol\u00edtica de Privacidad describe Nuestras pol\u00edticas y procedimientos sobre la recogida, uso y divulgaci\u00f3n de Tu informaci\u00f3n personal cuando utilizas la Aplicaci\u00f3n o el Sitio Web y te informa sobre Tus derechos de privacidad y c\u00f3mo te protege la ley. Lee atentamente Nuestra Pol\u00edtica de Privacidad antes de utilizar Nuestro Servicio.<\/p>\n<h2>Enlaces a otros sitios web<\/h2>\n<p>Nuestro Servicio puede contener enlaces a sitios web o servicios de terceros que no son propiedad ni est\u00e1n controlados por la Empresa.<\/p>\n<p>La Empresa no tiene control alguno sobre el contenido, las pol\u00edticas de privacidad o las pr\u00e1cticas de los sitios web o servicios de terceros, ni asume responsabilidad alguna por los mismos. Adem\u00e1s, reconoces y aceptas que la Empresa no ser\u00e1 responsable, directa o indirectamente, de ning\u00fan da\u00f1o o p\u00e9rdida causado o supuestamente causado por o en relaci\u00f3n con el uso o la confianza en cualquier contenido, bien o servicio disponible en o a trav\u00e9s de dichos sitios web o servicios.<\/p>\n<p>Te recomendamos encarecidamente que leas los t\u00e9rminos y condiciones y las pol\u00edticas de privacidad de cualquier sitio web o servicio de terceros que visites.<\/p>\n<h2>Terminaci\u00f3n<\/h2>\n<p>Podemos terminar o suspender Tu acceso inmediatamente, sin previo aviso ni responsabilidad, por cualquier motivo, incluyendo, sin limitaci\u00c3\u00b3n, si incumples estos T\u00c3\u00a9rminos y Condiciones.<\/p>\n<p>Tras la rescisi\u00f3n, Tu derecho a utilizar el Servicio cesar\u00e1 inmediatamente.<\/p>\n<h2>Limitaci\u00f3n de responsabilidad<\/h2>\n<p>Sin perjuicio de los da\u00f1os y perjuicios en que puedas incurrir, toda la responsabilidad de la Empresa y de cualquiera de sus proveedores en virtud de cualquier disposici\u00f3n de las presentes Condiciones y Tu recurso exclusivo para todo lo anterior se limitar\u00e1 al importe efectivamente pagado por Ti a trav\u00e9s del Servicio o a 100 USD si no has comprado nada a trav\u00e9s del Servicio.<\/p>\n<p>En la medida m\u00e1xima permitida por la legislaci\u00f3n aplicable, en ning\u00fan caso la Empresa o sus proveedores ser\u00e1n responsables de ning\u00fan da\u00f1o especial, incidental, indirecto o consecuente de ning\u00fan tipo (incluyendo, pero sin limitarse a, da\u00f1os por p\u00e9rdida de beneficios, p\u00e9rdida de datos u otra informaci\u00f3n, por interrupci\u00f3n del negocio, por da\u00f1os personales, p\u00e9rdida de privacidad que se deriven o est\u00e9n relacionados de alg\u00fan modo con el uso o la imposibilidad de usar el Servicio, el software de terceros y\/o el hardware de terceros utilizado con el Servicio, o de cualquier otro modo en relaci\u00f3n con cualquier disposici\u00f3n de estas Condiciones), incluso si la Empresa o cualquier proveedor ha sido advertido de la posibilidad de tales da\u00f1os e incluso si el remedio no cumple su finalidad esencial.<\/p>\n<p>Algunos estados no permiten la exclusi\u00f3n de garant\u00edas impl\u00edcitas o la limitaci\u00f3n de responsabilidad por da\u00f1os incidentales o consecuentes, lo que significa que algunas de las limitaciones anteriores pueden no ser aplicables. En estos estados, la responsabilidad de cada parte estar\u00e1 limitada en la mayor medida permitida por la ley.<\/p>\n<h2>\u00abDescargo de responsabilidad \u00abTAL CUAL\u00bb y \u00abSEG\u00daN DISPONIBILIDAD<\/h2>\n<p>El Servicio se te proporciona \u00abTAL CUAL\u00bb y \u00abSEG\u00daN DISPONIBILIDAD\u00bb y con todos los fallos y defectos, sin garant\u00eda de ning\u00fan tipo. En la medida m\u00e1xima permitida por la legislaci\u00f3n aplicable, la Empresa, en su propio nombre y en nombre de sus Afiliadas y sus respectivos licenciantes y proveedores de servicios, renuncia expresamente a todas las garant\u00edas, ya sean expresas, impl\u00edcitas, legales o de otro tipo, con respecto al Servicio, incluidas todas las garant\u00edas impl\u00edcitas de comerciabilidad, idoneidad para un fin determinado, titularidad y no infracci\u00f3n, y las garant\u00edas que puedan derivarse del curso de las negociaciones, el curso de la ejecuci\u00f3n, el uso o la pr\u00e1ctica comercial. Sin limitaci\u00f3n de lo anterior, la Empresa no ofrece ninguna garant\u00eda ni compromiso, y no hace ninguna declaraci\u00f3n de ning\u00fan tipo de que el Servicio cumplir\u00e1 tus requisitos, lograr\u00e1 los resultados previstos, ser\u00e1 compatible o funcionar\u00e1 con cualquier otro software, aplicaciones, sistemas o servicios, funcionar\u00e1 sin interrupci\u00f3n, cumplir\u00e1 cualquier norma de rendimiento o fiabilidad o estar\u00e1 libre de errores o que cualquier error o defecto puede ser o ser\u00e1 corregido.<\/p>\n<p>Sin perjuicio de lo anterior, ni la Empresa ni ning\u00fan proveedor de la Empresa ofrece representaci\u00f3n o garant\u00eda de ning\u00fan tipo, expresa o impl\u00edcita: (i) en cuanto al funcionamiento o disponibilidad del Servicio, o de la informaci\u00f3n, contenido y materiales o productos incluidos en el mismo; (ii) que el Servicio ser\u00e1 ininterrumpido o estar\u00e1 libre de errores; (iii) en cuanto a la exactitud, fiabilidad o actualidad de cualquier informaci\u00f3n o contenido proporcionado a trav\u00e9s del Servicio; o (iv) que el Servicio, sus servidores, el contenido o los correos electr\u00f3nicos enviados desde o en nombre de la Empresa est\u00e1n libres de virus, scripts, troyanos, gusanos, malware, bombas de relojer\u00eda u otros componentes da\u00f1inos.<\/p>\n<p>Algunas jurisdicciones no permiten la exclusi\u00f3n de ciertos tipos de garant\u00edas o limitaciones de los derechos legales aplicables de un consumidor, por lo que algunas o todas las exclusiones y limitaciones anteriores pueden no ser aplicables a Ti. Pero en tal caso, las exclusiones y limitaciones establecidas en esta secci\u00f3n se aplicar\u00e1n en la mayor medida exigible por la legislaci\u00f3n aplicable.<\/p>\n<h2>Ley aplicable<\/h2>\n<p>Las leyes del Pa\u00eds, excluyendo sus conflictos de normas legales, regir\u00e1n estas Condiciones y Tu uso del Servicio. Tu uso de la Aplicaci\u00f3n tambi\u00e9n puede estar sujeto a otras leyes locales, estatales, nacionales o internacionales.<\/p>\n<h2>Resoluci\u00f3n de conflictos<\/h2>\n<p>Si tienes alguna duda o disputa sobre el Servicio, aceptas primero intentar resolver la disputa de manera informal poni\u00e9ndote en contacto con la Empresa.<\/p>\n<h2>Para usuarios de la Uni\u00f3n Europea (UE)<\/h2>\n<p>Si eres un consumidor de la Uni\u00f3n Europea, te beneficiar\u00e1s de las disposiciones obligatorias de la legislaci\u00f3n del pa\u00eds en el que residas.<\/p>\n<h2>Cumplimiento legal en Estados Unidos<\/h2>\n<p>Declaras y garantizas que (i) No te encuentras en un pa\u00eds sujeto a embargo por el gobierno de Estados Unidos, o que haya sido designado por el gobierno de Estados Unidos como pa\u00eds \u00abde apoyo al terrorismo\u00bb, y (ii) No est\u00e1s incluido en ninguna lista del gobierno de los Estados Unidos de partes prohibidas o restringidas.<\/p>\n<h2>Divisibilidad y renuncia<\/h2>\n<h3>Divisibilidad<\/h3>\n<p>Si alguna disposici\u00f3n de estas Condiciones se considera inaplicable o inv\u00e1lida, dicha disposici\u00f3n se modificar\u00e1 e interpretar\u00e1 para cumplir los objetivos de dicha disposici\u00f3n en la mayor medida posible seg\u00fan la ley aplicable y las disposiciones restantes continuar\u00e1n en pleno vigor y efecto.<\/p>\n<h3>Renuncia<\/h3>\n<p>Salvo lo dispuesto en el presente documento, el hecho de no ejercer un derecho o de no exigir el cumplimiento de una obligaci\u00f3n en virtud de estas Condiciones no afectar\u00e1 a la capacidad de una parte para ejercer dicho derecho o exigir dicho cumplimiento en cualquier momento posterior, ni la renuncia a un incumplimiento constituir\u00e1 una renuncia a cualquier incumplimiento posterior.<\/p>\n<h2>Traducci\u00f3n Interpretaci\u00f3n<\/h2>\n<p>Estos T\u00e9rminos y Condiciones pueden haber sido traducidos si los hemos puesto a tu disposici\u00f3n en nuestro Servicio. Aceptas que el texto original en ingl\u00e9s prevalecer\u00e1 en caso de litigio.<\/p>\n<h2>Cambios en estas condiciones<\/h2>\n<p>Nos reservamos el derecho, a Nuestra entera discreci\u00f3n, de modificar o sustituir estas Condiciones en cualquier momento. Si una revisi\u00f3n es material, haremos esfuerzos razonables para notificarlo con al menos 30 d\u00edas de antelaci\u00f3n antes de que las nuevas condiciones entren en vigor. Lo que constituye un cambio material se determinar\u00e1 a Nuestra entera discreci\u00f3n.<\/p>\n<p>Al continuar accediendo o utilizando Nuestro Servicio tras la entrada en vigor de dichas revisiones, aceptas quedar vinculado por las condiciones revisadas. Si no est\u00e1s de acuerdo con las nuevas condiciones, en todo o en parte, deja de utilizar el sitio web y el Servicio.<\/p>\n<h2>Contacta con nosotros<\/h2>\n<p>Si tienes alguna pregunta sobre estos T\u00e9rminos y Condiciones, puedes ponerte en contacto con nosotros:<\/p>\n<ul>\n<li>Por correo electr\u00f3nico: info@offmarketcars.ad<\/li>\n<\/ul>\n<\/div>\n<\/div>\n<\/div>\n<div class=\"footer\">\n<div class=\"container\"> <\/div>\n<\/div>\n\t\t\t\t\t\t\t\t<\/div>\n\t\t\t\t<\/div>\n\t\t\t\t\t<\/div>\n\t\t\t\t<\/div>\n\t\t\t\t<\/div>\n\t\t","protected":false},"excerpt":{"rendered":"<p>T\u00e9rminos y condiciones \u00daltima actualizaci\u00f3n: 16 de mayo de 2024 Lee atentamente estas condiciones antes de utilizar Nuestro Servicio. Interpretaci\u00f3n y definiciones Interpretaci\u00f3n Las palabras cuya letra inicial va en may\u00fascula tienen significados definidos en las siguientes condiciones. Las siguientes definiciones tendr\u00e1n el mismo significado independientemente de que aparezcan en singular o en plural. Definiciones [&hellip;]<\/p>\n","protected":false},"author":5,"featured_media":0,"parent":0,"menu_order":0,"comment_status":"closed","ping_status":"closed","template":"","meta":{"_joinchat":[],"footnotes":""},"yoast_head":"<!-- This site is optimized with the Yoast SEO plugin v23.0 - https:\/\/yoast.com\/wordpress\/plugins\/seo\/ -->\n<title>T\u00e9rminos y condiciones - Off Market Cars<\/title>\n<meta name=\"robots\" content=\"index, follow, max-snippet:-1, max-image-preview:large, max-video-preview:-1\" \/>\n<link rel=\"canonical\" href=\"https:\/\/offmarketcars.ad\/es\/terminos-y-condiciones\/\" \/>\n<meta property=\"og:locale\" content=\"es_ES\" \/>\n<meta property=\"og:type\" content=\"article\" \/>\n<meta property=\"og:title\" content=\"T\u00e9rminos y condiciones - Off Market Cars\" \/>\n<meta property=\"og:description\" content=\"T\u00e9rminos y condiciones \u00daltima actualizaci\u00f3n: 16 de mayo de 2024 Lee atentamente estas condiciones antes de utilizar Nuestro Servicio. Interpretaci\u00f3n y definiciones Interpretaci\u00f3n Las palabras cuya letra inicial va en may\u00fascula tienen significados definidos en las siguientes condiciones. Las siguientes definiciones tendr\u00e1n el mismo significado independientemente de que aparezcan en singular o en plural. Definiciones [&hellip;]\" \/>\n<meta property=\"og:url\" content=\"https:\/\/offmarketcars.ad\/es\/terminos-y-condiciones\/\" \/>\n<meta property=\"og:site_name\" content=\"Off Market Cars\" \/>\n<meta property=\"article:modified_time\" content=\"2024-06-08T16:51:44+00:00\" \/>\n<meta name=\"twitter:card\" content=\"summary_large_image\" \/>\n<meta name=\"twitter:label1\" content=\"Tiempo de lectura\" \/>\n\t<meta name=\"twitter:data1\" content=\"9 minutos\" \/>\n<script type=\"application\/ld+json\" class=\"yoast-schema-graph\">{\"@context\":\"https:\/\/schema.org\",\"@graph\":[{\"@type\":\"WebPage\",\"@id\":\"https:\/\/offmarketcars.ad\/es\/terminos-y-condiciones\/\",\"url\":\"https:\/\/offmarketcars.ad\/es\/terminos-y-condiciones\/\",\"name\":\"T\u00e9rminos y condiciones - Off Market Cars\",\"isPartOf\":{\"@id\":\"https:\/\/offmarketcars.ad\/es\/#website\"},\"datePublished\":\"2024-05-21T16:00:24+00:00\",\"dateModified\":\"2024-06-08T16:51:44+00:00\",\"breadcrumb\":{\"@id\":\"https:\/\/offmarketcars.ad\/es\/terminos-y-condiciones\/#breadcrumb\"},\"inLanguage\":\"es\",\"potentialAction\":[{\"@type\":\"ReadAction\",\"target\":[\"https:\/\/offmarketcars.ad\/es\/terminos-y-condiciones\/\"]}]},{\"@type\":\"BreadcrumbList\",\"@id\":\"https:\/\/offmarketcars.ad\/es\/terminos-y-condiciones\/#breadcrumb\",\"itemListElement\":[{\"@type\":\"ListItem\",\"position\":1,\"name\":\"Portada\",\"item\":\"https:\/\/offmarketcars.ad\/es\/\"},{\"@type\":\"ListItem\",\"position\":2,\"name\":\"T\u00e9rminos y condiciones\"}]},{\"@type\":\"WebSite\",\"@id\":\"https:\/\/offmarketcars.ad\/es\/#website\",\"url\":\"https:\/\/offmarketcars.ad\/es\/\",\"name\":\"Off Market Cars\",\"description\":\"Car boutique in Andorra\",\"publisher\":{\"@id\":\"https:\/\/offmarketcars.ad\/es\/#organization\"},\"potentialAction\":[{\"@type\":\"SearchAction\",\"target\":{\"@type\":\"EntryPoint\",\"urlTemplate\":\"https:\/\/offmarketcars.ad\/es\/?s={search_term_string}\"},\"query-input\":\"required name=search_term_string\"}],\"inLanguage\":\"es\"},{\"@type\":\"Organization\",\"@id\":\"https:\/\/offmarketcars.ad\/es\/#organization\",\"name\":\"Off Market Cars\",\"url\":\"https:\/\/offmarketcars.ad\/es\/\",\"logo\":{\"@type\":\"ImageObject\",\"inLanguage\":\"es\",\"@id\":\"https:\/\/offmarketcars.ad\/es\/#\/schema\/logo\/image\/\",\"url\":\"https:\/\/offmarketcars.ad\/wp-content\/uploads\/2024\/05\/cropped-7-1-e1716050613766.png\",\"contentUrl\":\"https:\/\/offmarketcars.ad\/wp-content\/uploads\/2024\/05\/cropped-7-1-e1716050613766.png\",\"width\":512,\"height\":512,\"caption\":\"Off Market Cars\"},\"image\":{\"@id\":\"https:\/\/offmarketcars.ad\/es\/#\/schema\/logo\/image\/\"}}]}<\/script>\n<!-- \/ Yoast SEO plugin. -->","yoast_head_json":{"title":"T\u00e9rminos y condiciones - Off Market Cars","robots":{"index":"index","follow":"follow","max-snippet":"max-snippet:-1","max-image-preview":"max-image-preview:large","max-video-preview":"max-video-preview:-1"},"canonical":"https:\/\/offmarketcars.ad\/es\/terminos-y-condiciones\/","og_locale":"es_ES","og_type":"article","og_title":"T\u00e9rminos y condiciones - Off Market Cars","og_description":"T\u00e9rminos y condiciones \u00daltima actualizaci\u00f3n: 16 de mayo de 2024 Lee atentamente estas condiciones antes de utilizar Nuestro Servicio. Interpretaci\u00f3n y definiciones Interpretaci\u00f3n Las palabras cuya letra inicial va en may\u00fascula tienen significados definidos en las siguientes condiciones. Las siguientes definiciones tendr\u00e1n el mismo significado independientemente de que aparezcan en singular o en plural. Definiciones [&hellip;]","og_url":"https:\/\/offmarketcars.ad\/es\/terminos-y-condiciones\/","og_site_name":"Off Market Cars","article_modified_time":"2024-06-08T16:51:44+00:00","twitter_card":"summary_large_image","twitter_misc":{"Tiempo de lectura":"9 minutos"},"schema":{"@context":"https:\/\/schema.org","@graph":[{"@type":"WebPage","@id":"https:\/\/offmarketcars.ad\/es\/terminos-y-condiciones\/","url":"https:\/\/offmarketcars.ad\/es\/terminos-y-condiciones\/","name":"T\u00e9rminos y condiciones - Off Market Cars","isPartOf":{"@id":"https:\/\/offmarketcars.ad\/es\/#website"},"datePublished":"2024-05-21T16:00:24+00:00","dateModified":"2024-06-08T16:51:44+00:00","breadcrumb":{"@id":"https:\/\/offmarketcars.ad\/es\/terminos-y-condiciones\/#breadcrumb"},"inLanguage":"es","potentialAction":[{"@type":"ReadAction","target":["https:\/\/offmarketcars.ad\/es\/terminos-y-condiciones\/"]}]},{"@type":"BreadcrumbList","@id":"https:\/\/offmarketcars.ad\/es\/terminos-y-condiciones\/#breadcrumb","itemListElement":[{"@type":"ListItem","position":1,"name":"Portada","item":"https:\/\/offmarketcars.ad\/es\/"},{"@type":"ListItem","position":2,"name":"T\u00e9rminos y condiciones"}]},{"@type":"WebSite","@id":"https:\/\/offmarketcars.ad\/es\/#website","url":"https:\/\/offmarketcars.ad\/es\/","name":"Off Market Cars","description":"Car boutique in Andorra","publisher":{"@id":"https:\/\/offmarketcars.ad\/es\/#organization"},"potentialAction":[{"@type":"SearchAction","target":{"@type":"EntryPoint","urlTemplate":"https:\/\/offmarketcars.ad\/es\/?s={search_term_string}"},"query-input":"required name=search_term_string"}],"inLanguage":"es"},{"@type":"Organization","@id":"https:\/\/offmarketcars.ad\/es\/#organization","name":"Off Market Cars","url":"https:\/\/offmarketcars.ad\/es\/","logo":{"@type":"ImageObject","inLanguage":"es","@id":"https:\/\/offmarketcars.ad\/es\/#\/schema\/logo\/image\/","url":"https:\/\/offmarketcars.ad\/wp-content\/uploads\/2024\/05\/cropped-7-1-e1716050613766.png","contentUrl":"https:\/\/offmarketcars.ad\/wp-content\/uploads\/2024\/05\/cropped-7-1-e1716050613766.png","width":512,"height":512,"caption":"Off Market Cars"},"image":{"@id":"https:\/\/offmarketcars.ad\/es\/#\/schema\/logo\/image\/"}}]}},"_links":{"self":[{"href":"https:\/\/offmarketcars.ad\/es\/wp-json\/wp\/v2\/pages\/6240"}],"collection":[{"href":"https:\/\/offmarketcars.ad\/es\/wp-json\/wp\/v2\/pages"}],"about":[{"href":"https:\/\/offmarketcars.ad\/es\/wp-json\/wp\/v2\/types\/page"}],"author":[{"embeddable":true,"href":"https:\/\/offmarketcars.ad\/es\/wp-json\/wp\/v2\/users\/5"}],"replies":[{"embeddable":true,"href":"https:\/\/offmarketcars.ad\/es\/wp-json\/wp\/v2\/comments?post=6240"}],"version-history":[{"count":1,"href":"https:\/\/offmarketcars.ad\/es\/wp-json\/wp\/v2\/pages\/6240\/revisions"}],"predecessor-version":[{"id":6248,"href":"https:\/\/offmarketcars.ad\/es\/wp-json\/wp\/v2\/pages\/6240\/revisions\/6248"}],"wp:attachment":[{"href":"https:\/\/offmarketcars.ad\/es\/wp-json\/wp\/v2\/media?parent=6240"}],"curies":[{"name":"wp","href":"https:\/\/api.w.org\/{rel}","templated":true}]}}